{"id":81,"date":"2025-05-27T09:22:20","date_gmt":"2025-05-27T09:22:20","guid":{"rendered":"https:\/\/diamond-raw.com\/?page_id=81"},"modified":"2025-05-28T11:07:13","modified_gmt":"2025-05-28T11:07:13","slug":"contacto","status":"publish","type":"page","link":"https:\/\/diamond-raw.com\/index.php\/contacto\/","title":{"rendered":"Contacto"},"content":{"rendered":"\t\t<div data-elementor-type=\"wp-page\" data-elementor-id=\"81\" class=\"elementor elementor-81\" data-elementor-settings=\"{&quot;ha_cmc_init_switcher&quot;:&quot;no&quot;}\" data-elementor-post-type=\"page\">\n\t\t\t\t\t\t<section class=\"elementor-section elementor-top-section elementor-element elementor-element-7b7d38e3 elementor-section-boxed elementor-section-height-default elementor-section-height-default wpr-particle-no wpr-jarallax-no wpr-parallax-no wpr-sticky-section-no\" data-id=\"7b7d38e3\" data-element_type=\"section\" data-e-type=\"section\" data-settings=\"{&quot;_ha_eqh_enable&quot;:false}\">\n\t\t\t\t\t\t\t<div class=\"elementor-background-overlay\"><\/div>\n\t\t\t\t\t\t\t<div class=\"elementor-container elementor-column-gap-default\">\n\t\t\t\t\t<div class=\"elementor-column elementor-col-50 elementor-top-column elementor-element elementor-element-762363e3\" data-id=\"762363e3\" data-element_type=\"column\" data-e-type=\"column\">\n\t\t\t<div class=\"elementor-widget-wrap elementor-element-populated\">\n\t\t\t\t\t\t<div class=\"elementor-element elementor-element-347a558e elementor-invisible elementor-widget elementor-widget-heading\" data-id=\"347a558e\" data-element_type=\"widget\" data-e-type=\"widget\" data-settings=\"{&quot;_animation&quot;:&quot;slideInLeft&quot;}\" data-widget_type=\"heading.default\">\n\t\t\t\t<div class=\"elementor-widget-container\">\n\t\t\t\t\t<h2 class=\"elementor-heading-title elementor-size-default\">Best Company<\/h2>\t\t\t\t<\/div>\n\t\t\t\t<\/div>\n\t\t\t\t<div class=\"elementor-element elementor-element-4ac65601 elementor-invisible elementor-widget elementor-widget-heading\" data-id=\"4ac65601\" data-element_type=\"widget\" data-e-type=\"widget\" data-settings=\"{&quot;_animation&quot;:&quot;slideInLeft&quot;,&quot;_animation_delay&quot;:100}\" data-widget_type=\"heading.default\">\n\t\t\t\t<div class=\"elementor-widget-container\">\n\t\t\t\t\t<h2 class=\"elementor-heading-title elementor-size-default\">\u00bfPor qu\u00e9 elegirnos?<\/h2>\t\t\t\t<\/div>\n\t\t\t\t<\/div>\n\t\t\t\t<div class=\"elementor-element elementor-element-3174f6eb elementor-invisible elementor-widget elementor-widget-text-editor\" data-id=\"3174f6eb\" data-element_type=\"widget\" data-e-type=\"widget\" data-settings=\"{&quot;_animation&quot;:&quot;slideInLeft&quot;,&quot;_animation_delay&quot;:200}\" data-widget_type=\"text-editor.default\">\n\t\t\t\t<div class=\"elementor-widget-container\">\n\t\t\t\t\t\t\t\t\t<p data-start=\"139\" data-end=\"636\">En nuestro centro de yoga no solo te ofrecemos clases, sino un espacio para reconectar contigo mismo, encontrar equilibrio y mejorar tu bienestar f\u00edsico y emocional. Contamos con instructores certificados que te acompa\u00f1ar\u00e1n en cada paso de tu pr\u00e1ctica, adaptando las sesiones a tu nivel y necesidades. Nuestro enfoque va m\u00e1s all\u00e1 del ejercicio: cultivamos la atenci\u00f3n plena, la respiraci\u00f3n consciente y la conexi\u00f3n cuerpo-mente en un entorno c\u00e1lido, seguro y sin juicios.<\/p>\t\t\t\t\t\t\t\t<\/div>\n\t\t\t\t<\/div>\n\t\t\t\t<section class=\"elementor-section elementor-inner-section elementor-element elementor-element-2929c8e1 elementor-section-boxed elementor-section-height-default elementor-section-height-default wpr-particle-no wpr-jarallax-no wpr-parallax-no wpr-sticky-section-no elementor-invisible\" data-id=\"2929c8e1\" data-element_type=\"section\" data-e-type=\"section\" data-settings=\"{&quot;animation&quot;:&quot;slideInLeft&quot;,&quot;animation_delay&quot;:300,&quot;_ha_eqh_enable&quot;:false}\">\n\t\t\t\t\t\t<div class=\"elementor-container elementor-column-gap-default\">\n\t\t\t\t\t<div class=\"elementor-column elementor-col-33 elementor-inner-column elementor-element elementor-element-20e46ffe\" data-id=\"20e46ffe\" data-element_type=\"column\" data-e-type=\"column\">\n\t\t\t<div class=\"elementor-widget-wrap elementor-element-populated\">\n\t\t\t\t\t\t<div class=\"elementor-element elementor-element-58d577ba elementor-widget elementor-widget-counter\" data-id=\"58d577ba\" data-element_type=\"widget\" data-e-type=\"widget\" data-widget_type=\"counter.default\">\n\t\t\t\t<div class=\"elementor-widget-container\">\n\t\t\t\t\t\t\t<div class=\"elementor-counter\">\n\t\t\t<div class=\"elementor-counter-title\">Clientes felices<\/div>\t\t\t<div class=\"elementor-counter-number-wrapper\">\n\t\t\t\t<span class=\"elementor-counter-number-prefix\">+<\/span>\n\t\t\t\t<span class=\"elementor-counter-number\" data-duration=\"2000\" data-to-value=\"4\" data-from-value=\"0\" data-delimiter=\",\">0<\/span>\n\t\t\t\t<span class=\"elementor-counter-number-suffix\">k<\/span>\n\t\t\t<\/div>\n\t\t<\/div>\n\t\t\t\t\t\t<\/div>\n\t\t\t\t<\/div>\n\t\t\t\t\t<\/div>\n\t\t<\/div>\n\t\t\t\t<div class=\"elementor-column elementor-col-33 elementor-inner-column elementor-element elementor-element-40011e4f\" data-id=\"40011e4f\" data-element_type=\"column\" data-e-type=\"column\">\n\t\t\t<div class=\"elementor-widget-wrap elementor-element-populated\">\n\t\t\t\t\t\t<div class=\"elementor-element elementor-element-7cc19c29 elementor-widget elementor-widget-counter\" data-id=\"7cc19c29\" data-element_type=\"widget\" data-e-type=\"widget\" data-widget_type=\"counter.default\">\n\t\t\t\t<div class=\"elementor-widget-container\">\n\t\t\t\t\t\t\t<div class=\"elementor-counter\">\n\t\t\t<div class=\"elementor-counter-title\">Treatment Complete<\/div>\t\t\t<div class=\"elementor-counter-number-wrapper\">\n\t\t\t\t<span class=\"elementor-counter-number-prefix\"><\/span>\n\t\t\t\t<span class=\"elementor-counter-number\" data-duration=\"2000\" data-to-value=\"26\" data-from-value=\"0\" data-delimiter=\",\">0<\/span>\n\t\t\t\t<span class=\"elementor-counter-number-suffix\"><\/span>\n\t\t\t<\/div>\n\t\t<\/div>\n\t\t\t\t\t\t<\/div>\n\t\t\t\t<\/div>\n\t\t\t\t\t<\/div>\n\t\t<\/div>\n\t\t\t\t<div class=\"elementor-column elementor-col-33 elementor-inner-column elementor-element elementor-element-1f7b61c6\" data-id=\"1f7b61c6\" data-element_type=\"column\" data-e-type=\"column\">\n\t\t\t<div class=\"elementor-widget-wrap elementor-element-populated\">\n\t\t\t\t\t\t<div class=\"elementor-element elementor-element-1a205465 elementor-widget elementor-widget-counter\" data-id=\"1a205465\" data-element_type=\"widget\" data-e-type=\"widget\" data-widget_type=\"counter.default\">\n\t\t\t\t<div class=\"elementor-widget-container\">\n\t\t\t\t\t\t\t<div class=\"elementor-counter\">\n\t\t\t<div class=\"elementor-counter-title\">A\u00f1os de experiencia<\/div>\t\t\t<div class=\"elementor-counter-number-wrapper\">\n\t\t\t\t<span class=\"elementor-counter-number-prefix\"><\/span>\n\t\t\t\t<span class=\"elementor-counter-number\" data-duration=\"2000\" data-to-value=\"8\" data-from-value=\"0\" data-delimiter=\",\">0<\/span>\n\t\t\t\t<span class=\"elementor-counter-number-suffix\"><\/span>\n\t\t\t<\/div>\n\t\t<\/div>\n\t\t\t\t\t\t<\/div>\n\t\t\t\t<\/div>\n\t\t\t\t\t<\/div>\n\t\t<\/div>\n\t\t\t\t\t<\/div>\n\t\t<\/section>\n\t\t\t\t<div class=\"elementor-element elementor-element-303d60c1 elementor-invisible elementor-widget elementor-widget-text-editor\" data-id=\"303d60c1\" data-element_type=\"widget\" data-e-type=\"widget\" data-settings=\"{&quot;_animation&quot;:&quot;slideInLeft&quot;,&quot;_animation_delay&quot;:400}\" data-widget_type=\"text-editor.default\">\n\t\t\t\t<div class=\"elementor-widget-container\">\n\t\t\t\t\t\t\t\t\t<p>Projecting surrounded literature yet delightful alteration but bed men. Open are from long why cold. If must snug by upon sang loud left. As me do preference entreaties compliment motionless ye literature. Day behaviour explained law remainder.<\/p>\t\t\t\t\t\t\t\t<\/div>\n\t\t\t\t<\/div>\n\t\t\t\t<div class=\"elementor-element elementor-element-cad13cf wpr-button-icon-style-inline wpr-button-icon-position-right elementor-invisible elementor-widget elementor-widget-wpr-button\" data-id=\"cad13cf\" data-element_type=\"widget\" data-e-type=\"widget\" data-settings=\"{&quot;_animation&quot;:&quot;slideInLeft&quot;,&quot;_animation_delay&quot;:400}\" data-widget_type=\"wpr-button.default\">\n\t\t\t\t<div class=\"elementor-widget-container\">\n\t\t\t\t\t\t\n\t\t\t\n\t\t\n\t\t<div class=\"wpr-button-wrap elementor-clearfix\">\n\t\t<a class=\"wpr-button wpr-button-effect wpr-button-none\" data-text=\"\" href=\"#link\">\n\t\t\t\n\t\t\t<span class=\"wpr-button-content\">\n\t\t\t\t\t\t\t\t\t<span class=\"wpr-button-text\">Saber m\u00e1s<\/span>\n\t\t\t\t\t\t\t\t\n\t\t\t\t\t\t\t<\/span>\n\t\t<\/a>\n\n\t\t\t\t<\/div>\n\t\n\t\n\t\t\t\t\t<\/div>\n\t\t\t\t<\/div>\n\t\t\t\t\t<\/div>\n\t\t<\/div>\n\t\t\t\t<div class=\"elementor-column elementor-col-50 elementor-top-column elementor-element elementor-element-4a147953\" data-id=\"4a147953\" data-element_type=\"column\" data-e-type=\"column\">\n\t\t\t<div class=\"elementor-widget-wrap elementor-element-populated\">\n\t\t\t\t\t\t<div class=\"elementor-element elementor-element-39f4a2c7 elementor-invisible elementor-widget elementor-widget-image\" data-id=\"39f4a2c7\" data-element_type=\"widget\" data-e-type=\"widget\" data-settings=\"{&quot;_animation&quot;:&quot;slideInRight&quot;}\" data-widget_type=\"image.default\">\n\t\t\t\t<div class=\"elementor-widget-container\">\n\t\t\t\t\t\t\t\t\t\t\t\t\t\t\t<img fetchpriority=\"high\" decoding=\"async\" width=\"800\" height=\"800\" src=\"https:\/\/diamond-raw.com\/wp-content\/uploads\/2025\/05\/ChatGPT-Image-27-may-2025-13_58_25.png\" class=\"attachment-large size-large wp-image-118\" alt=\"\" srcset=\"https:\/\/diamond-raw.com\/wp-content\/uploads\/2025\/05\/ChatGPT-Image-27-may-2025-13_58_25.png 1024w, https:\/\/diamond-raw.com\/wp-content\/uploads\/2025\/05\/ChatGPT-Image-27-may-2025-13_58_25-300x300.png 300w, https:\/\/diamond-raw.com\/wp-content\/uploads\/2025\/05\/ChatGPT-Image-27-may-2025-13_58_25-150x150.png 150w, https:\/\/diamond-raw.com\/wp-content\/uploads\/2025\/05\/ChatGPT-Image-27-may-2025-13_58_25-768x768.png 768w\" sizes=\"(max-width: 800px) 100vw, 800px\" \/>\t\t\t\t\t\t\t\t\t\t\t\t\t\t\t<\/div>\n\t\t\t\t<\/div>\n\t\t\t\t\t<\/div>\n\t\t<\/div>\n\t\t\t\t\t<\/div>\n\t\t<\/section>\n\t\t<div class=\"elementor-element elementor-element-3aa07f40 e-flex e-con-boxed wpr-particle-no wpr-jarallax-no wpr-parallax-no wpr-sticky-section-no e-con e-parent\" data-id=\"3aa07f40\" data-element_type=\"container\" data-e-type=\"container\" data-settings=\"{&quot;_ha_eqh_enable&quot;:false}\">\n\t\t\t\t\t<div class=\"e-con-inner\">\n\t\t<div class=\"elementor-element elementor-element-185877b0 e-con-full e-flex wpr-particle-no wpr-jarallax-no wpr-parallax-no wpr-sticky-section-no e-con e-child\" data-id=\"185877b0\" data-element_type=\"container\" data-e-type=\"container\" data-settings=\"{&quot;background_background&quot;:&quot;classic&quot;,&quot;_ha_eqh_enable&quot;:false}\">\n\t\t\t\t<\/div>\n\t\t\t\t<div class=\"elementor-element elementor-element-94e6935 fluentform-widget-submit-button-custom elementor-widget elementor-widget-fluent-form-widget\" data-id=\"94e6935\" data-element_type=\"widget\" data-e-type=\"widget\" data-widget_type=\"fluent-form-widget.default\">\n\t\t\t\t<div class=\"elementor-widget-container\">\n\t\t\t\t\t\n            <div class=\"fluentform-widget-wrapper fluentform-widget-align-default\">\n\n            \n            <div class='fluentform ff-default fluentform_wrapper_1 ffs_default_wrap'><form data-form_id=\"1\" id=\"fluentform_1\" class=\"frm-fluent-form fluent_form_1 ff-el-form-top ff_form_instance_1_1 ff-form-loading ffs_default\" data-form_instance=\"ff_form_instance_1_1\" method=\"POST\" ><fieldset  style=\"border: none!important;margin: 0!important;padding: 0!important;background-color: transparent!important;box-shadow: none!important;outline: none!important; min-inline-size: 100%;\">\n                    <legend class=\"ff_screen_reader_title\" style=\"display: block; margin: 0!important;padding: 0!important;height: 0!important;text-indent: -999999px;width: 0!important;overflow:hidden;\">Contact Form Demo<\/legend><input type='hidden' name='__fluent_form_embded_post_id' value='81' \/><input type=\"hidden\" id=\"_fluentform_1_fluentformnonce\" name=\"_fluentform_1_fluentformnonce\" value=\"a089dcddfc\" \/><input type=\"hidden\" name=\"_wp_http_referer\" value=\"\/index.php\/wp-json\/wp\/v2\/pages\/81\" \/><div data-type=\"name-element\" data-name=\"names\" class=\" ff-field_container ff-name-field-wrapper\" ><div class='ff-t-container'><div class='ff-t-cell '><div class='ff-el-group'><div class=\"ff-el-input--label ff-el-is-required asterisk-right\"><label for='ff_1_names_first_name_' id='label_ff_1_names_first_name_' >Nombre<\/label><\/div><div class='ff-el-input--content'><input type=\"text\" name=\"names[first_name]\" id=\"ff_1_names_first_name_\" class=\"ff-el-form-control\" placeholder=\"Nombre\" aria-invalid=\"false\" aria-required=true><\/div><\/div><\/div><div class='ff-t-cell '><div class='ff-el-group'><div class=\"ff-el-input--label ff-el-is-required asterisk-right\"><label for='ff_1_names_last_name_' id='label_ff_1_names_last_name_' >Apellido<\/label><\/div><div class='ff-el-input--content'><input type=\"text\" name=\"names[last_name]\" id=\"ff_1_names_last_name_\" class=\"ff-el-form-control\" placeholder=\"Apellido\" aria-invalid=\"false\" aria-required=true><\/div><\/div><\/div><\/div><\/div><div class='ff-el-group'><div class=\"ff-el-input--label ff-el-is-required asterisk-right\"><label for='ff_1_email' id='label_ff_1_email' aria-label=\"Email\">Email<\/label><\/div><div class='ff-el-input--content'><input type=\"email\" name=\"email\" id=\"ff_1_email\" class=\"ff-el-form-control\" placeholder=\"Tu correo electr\u00f3nico\" data-name=\"email\"  aria-invalid=\"false\" aria-required=true><\/div><\/div><div class='ff-el-group'><div class=\"ff-el-input--label ff-el-is-required asterisk-right\"><label for='ff_1_subject' id='label_ff_1_subject' aria-label=\"Subject\">Subject<\/label><\/div><div class='ff-el-input--content'><input type=\"text\" name=\"subject\" class=\"ff-el-form-control\" placeholder=\"\u00bfEn que podemos ayudarte?\" data-name=\"subject\" id=\"ff_1_subject\"  aria-invalid=\"false\" aria-required=true><\/div><\/div><div class='ff-el-group'><div class=\"ff-el-input--label ff-el-is-required asterisk-right\"><label for='ff_1_message' id='label_ff_1_message' aria-label=\"\u00bfTienes alguna duda?\">\u00bfTienes alguna duda?<\/label><\/div><div class='ff-el-input--content'><textarea aria-required=\"true\" aria-labelledby=\"label_ff_1_message\" name=\"message\" id=\"ff_1_message\" class=\"ff-el-form-control\" placeholder=\"Preg\u00fantanos todo lo que necesites\" rows=\"4\" cols=\"2\" data-name=\"message\" ><\/textarea><\/div><\/div><div class='ff-el-group ff-text-left ff_submit_btn_wrapper'><button type=\"submit\" class=\"ff-btn ff-btn-submit ff-btn-md ff_btn_style wpf_has_custom_css\"  aria-label=\"Enviar mensaje\">Enviar mensaje<\/button><\/div><\/fieldset><\/form><div id='fluentform_1_errors' class='ff-errors-in-stack ff_form_instance_1_1 ff-form-loading_errors ff_form_instance_1_1_errors'><\/div><\/div>            <script type=\"text\/javascript\">\n                window.fluent_form_ff_form_instance_1_1 = {\"id\":\"1\",\"settings\":{\"layout\":{\"labelPlacement\":\"top\",\"helpMessagePlacement\":\"with_label\",\"errorMessagePlacement\":\"inline\",\"cssClassName\":\"\",\"asteriskPlacement\":\"asterisk-right\"},\"restrictions\":{\"denyEmptySubmission\":{\"enabled\":false}}},\"form_instance\":\"ff_form_instance_1_1\",\"form_id_selector\":\"fluentform_1\",\"rules\":{\"names[first_name]\":{\"required\":{\"value\":true,\"message\":\"This field is required\",\"global\":false,\"global_message\":\"Este campo es obligatorio\"}},\"names[middle_name]\":{\"required\":{\"value\":false,\"message\":\"This field is required\",\"global\":false,\"global_message\":\"Este campo es obligatorio\"}},\"names[last_name]\":{\"required\":{\"value\":true,\"message\":\"This field is required\",\"global\":false,\"global_message\":\"Este campo es obligatorio\"}},\"email\":{\"required\":{\"value\":true,\"message\":\"Es necesario conocer tu correo electr\\u00f3nico\",\"global\":false,\"global_message\":\"Este campo es obligatorio\"},\"email\":{\"value\":true,\"message\":\"El email es inv\\u00e1lido prueba con otro\",\"global\":false,\"global_message\":\"Este campo debe contener un correo electr\\u00f3nico v\\u00e1lido\"}},\"subject\":{\"required\":{\"value\":true,\"message\":\"Este campo es obligatorio\",\"global\":false,\"global_message\":\"Este campo es obligatorio\"}},\"message\":{\"required\":{\"value\":true,\"message\":\"Este campo es obligatorio\",\"global\":false,\"global_message\":\"Este campo es obligatorio\"}}},\"debounce_time\":300};\n                            <\/script>\n                        <\/div>\n\n            \t\t\t\t<\/div>\n\t\t\t\t<\/div>\n\t\t\t\t\t<\/div>\n\t\t\t\t<\/div>\n\t\t\t\t<\/div>\n\t\t","protected":false},"excerpt":{"rendered":"<p>Best Company \u00bfPor qu\u00e9 elegirnos? En nuestro centro de yoga no solo te ofrecemos clases, sino un espacio para reconectar contigo mismo, encontrar equilibrio y mejorar tu bienestar f\u00edsico y emocional. Contamos con instructores certificados que te acompa\u00f1ar\u00e1n en cada paso de tu pr\u00e1ctica, adaptando las sesiones a tu nivel y necesidades. Nuestro enfoque va m\u00e1s all\u00e1 del ejercicio: cultivamos la atenci\u00f3n plena, la respiraci\u00f3n consciente y la conexi\u00f3n cuerpo-mente en un entorno c\u00e1lido, seguro y sin juicios. Clientes felices + 0 k Treatment Complete 0 A\u00f1os de experiencia 0 Projecting surrounded literature yet delightful alteration but bed men. Open are from long why cold. If must snug by upon sang loud left. As me do preference entreaties compliment motionless ye literature. Day behaviour explained law remainder. Saber m\u00e1s Contact Form Demo NombreApellidoEmailSubject\u00bfTienes alguna duda?Enviar mensaje<\/p>\n","protected":false},"author":2,"featured_media":0,"parent":0,"menu_order":0,"comment_status":"closed","ping_status":"closed","template":"","meta":{"footnotes":""},"class_list":["post-81","page","type-page","status-publish","hentry"],"yoast_head":"<!-- This site is optimized with the Yoast SEO plugin v27.0 - https:\/\/yoast.com\/product\/yoast-seo-wordpress\/ -->\n<title>Contacto - Diamond Raw<\/title>\n<meta name=\"robots\" content=\"index, follow, max-snippet:-1, max-image-preview:large, max-video-preview:-1\" \/>\n<link rel=\"canonical\" href=\"https:\/\/diamond-raw.com\/index.php\/contacto\/\" \/>\n<meta property=\"og:locale\" content=\"es_ES\" \/>\n<meta property=\"og:type\" content=\"article\" \/>\n<meta property=\"og:title\" content=\"Contacto - Diamond Raw\" \/>\n<meta property=\"og:description\" content=\"Best Company \u00bfPor qu\u00e9 elegirnos? En nuestro centro de yoga no solo te ofrecemos clases, sino un espacio para reconectar contigo mismo, encontrar equilibrio y mejorar tu bienestar f\u00edsico y emocional. Contamos con instructores certificados que te acompa\u00f1ar\u00e1n en cada paso de tu pr\u00e1ctica, adaptando las sesiones a tu nivel y necesidades. Nuestro enfoque va m\u00e1s all\u00e1 del ejercicio: cultivamos la atenci\u00f3n plena, la respiraci\u00f3n consciente y la conexi\u00f3n cuerpo-mente en un entorno c\u00e1lido, seguro y sin juicios. Clientes felices + 0 k Treatment Complete 0 A\u00f1os de experiencia 0 Projecting surrounded literature yet delightful alteration but bed men. Open are from long why cold. If must snug by upon sang loud left. As me do preference entreaties compliment motionless ye literature. Day behaviour explained law remainder. Saber m\u00e1s Contact Form Demo NombreApellidoEmailSubject\u00bfTienes alguna duda?Enviar mensaje\" \/>\n<meta property=\"og:url\" content=\"https:\/\/diamond-raw.com\/index.php\/contacto\/\" \/>\n<meta property=\"og:site_name\" content=\"Diamond Raw\" \/>\n<meta property=\"article:modified_time\" content=\"2025-05-28T11:07:13+00:00\" \/>\n<meta property=\"og:image\" content=\"https:\/\/diamond-raw.com\/wp-content\/uploads\/2025\/05\/ChatGPT-Image-27-may-2025-13_58_25.png\" \/>\n\t<meta property=\"og:image:width\" content=\"1024\" \/>\n\t<meta property=\"og:image:height\" content=\"1024\" \/>\n\t<meta property=\"og:image:type\" content=\"image\/png\" \/>\n<meta name=\"twitter:card\" content=\"summary_large_image\" \/>\n<meta name=\"twitter:label1\" content=\"Tiempo de lectura\" \/>\n\t<meta name=\"twitter:data1\" content=\"1 minuto\" \/>\n<script type=\"application\/ld+json\" class=\"yoast-schema-graph\">{\"@context\":\"https:\/\/schema.org\",\"@graph\":[{\"@type\":\"WebPage\",\"@id\":\"https:\/\/diamond-raw.com\/index.php\/contacto\/\",\"url\":\"https:\/\/diamond-raw.com\/index.php\/contacto\/\",\"name\":\"Contacto - Diamond Raw\",\"isPartOf\":{\"@id\":\"https:\/\/diamond-raw.com\/#website\"},\"primaryImageOfPage\":{\"@id\":\"https:\/\/diamond-raw.com\/index.php\/contacto\/#primaryimage\"},\"image\":{\"@id\":\"https:\/\/diamond-raw.com\/index.php\/contacto\/#primaryimage\"},\"thumbnailUrl\":\"https:\/\/diamond-raw.com\/wp-content\/uploads\/2025\/05\/ChatGPT-Image-27-may-2025-13_58_25.png\",\"datePublished\":\"2025-05-27T09:22:20+00:00\",\"dateModified\":\"2025-05-28T11:07:13+00:00\",\"breadcrumb\":{\"@id\":\"https:\/\/diamond-raw.com\/index.php\/contacto\/#breadcrumb\"},\"inLanguage\":\"es\",\"potentialAction\":[{\"@type\":\"ReadAction\",\"target\":[\"https:\/\/diamond-raw.com\/index.php\/contacto\/\"]}]},{\"@type\":\"ImageObject\",\"inLanguage\":\"es\",\"@id\":\"https:\/\/diamond-raw.com\/index.php\/contacto\/#primaryimage\",\"url\":\"https:\/\/diamond-raw.com\/wp-content\/uploads\/2025\/05\/ChatGPT-Image-27-may-2025-13_58_25.png\",\"contentUrl\":\"https:\/\/diamond-raw.com\/wp-content\/uploads\/2025\/05\/ChatGPT-Image-27-may-2025-13_58_25.png\",\"width\":1024,\"height\":1024},{\"@type\":\"BreadcrumbList\",\"@id\":\"https:\/\/diamond-raw.com\/index.php\/contacto\/#breadcrumb\",\"itemListElement\":[{\"@type\":\"ListItem\",\"position\":1,\"name\":\"Portada\",\"item\":\"https:\/\/diamond-raw.com\/\"},{\"@type\":\"ListItem\",\"position\":2,\"name\":\"Contacto\"}]},{\"@type\":\"WebSite\",\"@id\":\"https:\/\/diamond-raw.com\/#website\",\"url\":\"https:\/\/diamond-raw.com\/\",\"name\":\"Diamond Raw\",\"description\":\"\",\"potentialAction\":[{\"@type\":\"SearchAction\",\"target\":{\"@type\":\"EntryPoint\",\"urlTemplate\":\"https:\/\/diamond-raw.com\/?s={search_term_string}\"},\"query-input\":{\"@type\":\"PropertyValueSpecification\",\"valueRequired\":true,\"valueName\":\"search_term_string\"}}],\"inLanguage\":\"es\"}]}<\/script>\n<!-- \/ Yoast SEO plugin. -->","yoast_head_json":{"title":"Contacto - Diamond Raw","robots":{"index":"index","follow":"follow","max-snippet":"max-snippet:-1","max-image-preview":"max-image-preview:large","max-video-preview":"max-video-preview:-1"},"canonical":"https:\/\/diamond-raw.com\/index.php\/contacto\/","og_locale":"es_ES","og_type":"article","og_title":"Contacto - Diamond Raw","og_description":"Best Company \u00bfPor qu\u00e9 elegirnos? En nuestro centro de yoga no solo te ofrecemos clases, sino un espacio para reconectar contigo mismo, encontrar equilibrio y mejorar tu bienestar f\u00edsico y emocional. Contamos con instructores certificados que te acompa\u00f1ar\u00e1n en cada paso de tu pr\u00e1ctica, adaptando las sesiones a tu nivel y necesidades. Nuestro enfoque va m\u00e1s all\u00e1 del ejercicio: cultivamos la atenci\u00f3n plena, la respiraci\u00f3n consciente y la conexi\u00f3n cuerpo-mente en un entorno c\u00e1lido, seguro y sin juicios. Clientes felices + 0 k Treatment Complete 0 A\u00f1os de experiencia 0 Projecting surrounded literature yet delightful alteration but bed men. Open are from long why cold. If must snug by upon sang loud left. As me do preference entreaties compliment motionless ye literature. Day behaviour explained law remainder. Saber m\u00e1s Contact Form Demo NombreApellidoEmailSubject\u00bfTienes alguna duda?Enviar mensaje","og_url":"https:\/\/diamond-raw.com\/index.php\/contacto\/","og_site_name":"Diamond Raw","article_modified_time":"2025-05-28T11:07:13+00:00","og_image":[{"width":1024,"height":1024,"url":"https:\/\/diamond-raw.com\/wp-content\/uploads\/2025\/05\/ChatGPT-Image-27-may-2025-13_58_25.png","type":"image\/png"}],"twitter_card":"summary_large_image","twitter_misc":{"Tiempo de lectura":"1 minuto"},"schema":{"@context":"https:\/\/schema.org","@graph":[{"@type":"WebPage","@id":"https:\/\/diamond-raw.com\/index.php\/contacto\/","url":"https:\/\/diamond-raw.com\/index.php\/contacto\/","name":"Contacto - Diamond Raw","isPartOf":{"@id":"https:\/\/diamond-raw.com\/#website"},"primaryImageOfPage":{"@id":"https:\/\/diamond-raw.com\/index.php\/contacto\/#primaryimage"},"image":{"@id":"https:\/\/diamond-raw.com\/index.php\/contacto\/#primaryimage"},"thumbnailUrl":"https:\/\/diamond-raw.com\/wp-content\/uploads\/2025\/05\/ChatGPT-Image-27-may-2025-13_58_25.png","datePublished":"2025-05-27T09:22:20+00:00","dateModified":"2025-05-28T11:07:13+00:00","breadcrumb":{"@id":"https:\/\/diamond-raw.com\/index.php\/contacto\/#breadcrumb"},"inLanguage":"es","potentialAction":[{"@type":"ReadAction","target":["https:\/\/diamond-raw.com\/index.php\/contacto\/"]}]},{"@type":"ImageObject","inLanguage":"es","@id":"https:\/\/diamond-raw.com\/index.php\/contacto\/#primaryimage","url":"https:\/\/diamond-raw.com\/wp-content\/uploads\/2025\/05\/ChatGPT-Image-27-may-2025-13_58_25.png","contentUrl":"https:\/\/diamond-raw.com\/wp-content\/uploads\/2025\/05\/ChatGPT-Image-27-may-2025-13_58_25.png","width":1024,"height":1024},{"@type":"BreadcrumbList","@id":"https:\/\/diamond-raw.com\/index.php\/contacto\/#breadcrumb","itemListElement":[{"@type":"ListItem","position":1,"name":"Portada","item":"https:\/\/diamond-raw.com\/"},{"@type":"ListItem","position":2,"name":"Contacto"}]},{"@type":"WebSite","@id":"https:\/\/diamond-raw.com\/#website","url":"https:\/\/diamond-raw.com\/","name":"Diamond Raw","description":"","potentialAction":[{"@type":"SearchAction","target":{"@type":"EntryPoint","urlTemplate":"https:\/\/diamond-raw.com\/?s={search_term_string}"},"query-input":{"@type":"PropertyValueSpecification","valueRequired":true,"valueName":"search_term_string"}}],"inLanguage":"es"}]}},"_links":{"self":[{"href":"https:\/\/diamond-raw.com\/index.php\/wp-json\/wp\/v2\/pages\/81","targetHints":{"allow":["GET"]}}],"collection":[{"href":"https:\/\/diamond-raw.com\/index.php\/wp-json\/wp\/v2\/pages"}],"about":[{"href":"https:\/\/diamond-raw.com\/index.php\/wp-json\/wp\/v2\/types\/page"}],"author":[{"embeddable":true,"href":"https:\/\/diamond-raw.com\/index.php\/wp-json\/wp\/v2\/users\/2"}],"replies":[{"embeddable":true,"href":"https:\/\/diamond-raw.com\/index.php\/wp-json\/wp\/v2\/comments?post=81"}],"version-history":[{"count":4,"href":"https:\/\/diamond-raw.com\/index.php\/wp-json\/wp\/v2\/pages\/81\/revisions"}],"predecessor-version":[{"id":240,"href":"https:\/\/diamond-raw.com\/index.php\/wp-json\/wp\/v2\/pages\/81\/revisions\/240"}],"wp:attachment":[{"href":"https:\/\/diamond-raw.com\/index.php\/wp-json\/wp\/v2\/media?parent=81"}],"curies":[{"name":"wp","href":"https:\/\/api.w.org\/{rel}","templated":true}]}}